{"id":36,"date":"2021-12-10T22:11:15","date_gmt":"2021-12-11T03:11:15","guid":{"rendered":"https:\/\/compugamesperu.com\/tienda\/?post_type=product&#038;p=36"},"modified":"2025-10-21T21:38:14","modified_gmt":"2025-10-22T02:38:14","slug":"router-inalambrico-d-link-dir-803","status":"publish","type":"product","link":"https:\/\/compugamesperu.com\/tienda\/producto\/router-inalambrico-d-link-dir-803\/","title":{"rendered":"ROUTER INALAMBRICO D-LINK ( DIR-803 )"},"content":{"rendered":"<p>MARCA DLINK MODELO DIR 803 Compatible con la \u00faltima tecnolog\u00eda inal\u00e1mbrica, Wireless AC Max. Velocidad inal\u00e1mbrica combinada Dual Band 750Mbps 4 Puertos LAN 10\/100Mbps Soporta QoS Engine para priorizar el trafico m\u00e1s importante F\u00e1cil de configurar y dar seguridad a la Red Incluye Firewall y opci\u00f3n de control de acceso para prevenir ataques y restringir el acceso a la Red<\/p>\n","protected":false},"excerpt":{"rendered":"<p>MARCA DLINK MODELO DIR 803 Compatible con la \u00faltima tecnolog\u00eda inal\u00e1mbrica, Wireless AC Max. Velocidad inal\u00e1mbrica combinada Dual Band 750Mbps 4 Puertos LAN 10\/100Mbps Soporta QoS Engine para priorizar el trafico m\u00e1s importante F\u00e1cil de configurar y dar seguridad a la Red Incluye Firewall y opci\u00f3n de control de acceso para prevenir ataques y restringir el acceso a la Red<\/p>\n","protected":false},"featured_media":37,"template":"","meta":{"om_disable_all_campaigns":false,"_monsterinsights_skip_tracking":false,"_monsterinsights_sitenote_active":false,"_monsterinsights_sitenote_note":"","_monsterinsights_sitenote_category":0},"product_brand":[],"product_cat":[107],"product_tag":[40,39,41],"class_list":{"0":"post-36","1":"product","2":"type-product","3":"status-publish","4":"has-post-thumbnail","6":"product_cat-conectividad-y-redes","7":"product_tag-internet","8":"product_tag-router","9":"product_tag-senal","11":"first","12":"instock","13":"shipping-taxable","14":"purchasable","15":"product-type-simple"},"aioseo_notices":[],"jetpack_sharing_enabled":true,"_links":{"self":[{"href":"https:\/\/compugamesperu.com\/tienda\/wp-json\/wp\/v2\/product\/36","targetHints":{"allow":["GET"]}}],"collection":[{"href":"https:\/\/compugamesperu.com\/tienda\/wp-json\/wp\/v2\/product"}],"about":[{"href":"https:\/\/compugamesperu.com\/tienda\/wp-json\/wp\/v2\/types\/product"}],"version-history":[{"count":1,"href":"https:\/\/compugamesperu.com\/tienda\/wp-json\/wp\/v2\/product\/36\/revisions"}],"predecessor-version":[{"id":11072,"href":"https:\/\/compugamesperu.com\/tienda\/wp-json\/wp\/v2\/product\/36\/revisions\/11072"}],"wp:featuredmedia":[{"embeddable":true,"href":"https:\/\/compugamesperu.com\/tienda\/wp-json\/wp\/v2\/media\/37"}],"wp:attachment":[{"href":"https:\/\/compugamesperu.com\/tienda\/wp-json\/wp\/v2\/media?parent=36"}],"wp:term":[{"taxonomy":"product_brand","embeddable":true,"href":"https:\/\/compugamesperu.com\/tienda\/wp-json\/wp\/v2\/product_brand?post=36"},{"taxonomy":"product_cat","embeddable":true,"href":"https:\/\/compugamesperu.com\/tienda\/wp-json\/wp\/v2\/product_cat?post=36"},{"taxonomy":"product_tag","embeddable":true,"href":"https:\/\/compugamesperu.com\/tienda\/wp-json\/wp\/v2\/product_tag?post=36"}],"curies":[{"name":"wp","href":"https:\/\/api.w.org\/{rel}","templated":true}]}}