{"id":22,"date":"2021-12-06T23:07:29","date_gmt":"2021-12-07T04:07:29","guid":{"rendered":"https:\/\/compugamesperu.com\/tienda\/?post_type=product&#038;p=22"},"modified":"2022-07-10T23:18:09","modified_gmt":"2022-07-11T04:18:09","slug":"playstation-5-control-dualsense","status":"publish","type":"product","link":"https:\/\/compugamesperu.com\/tienda\/producto\/playstation-5-control-dualsense\/","title":{"rendered":"PLAYSTATION 5 CONTROL DUALSENSE"},"content":{"rendered":"<p>El control inal\u00e1mbrico DualSense para PS5 ofrece respuesta h\u00e1ptica inmersiva gatillos adaptativos din\u00e1micos y un micr\u00f3fono integrado todo en un dise\u00f1o ic\u00f3nico y patentado. El control inal\u00e1mbrico DualSense mantiene muchas caracter\u00edsticas de DUALSHOCK\u00ae4 que vuelven para una nueva generaci\u00f3n de juego \u00a1No te quedes sin el tuyo!<\/p>\n","protected":false},"excerpt":{"rendered":"<p>El control inal\u00e1mbrico DualSense para PS5 ofrece respuesta h\u00e1ptica inmersiva gatillos adaptativos din\u00e1micos y un micr\u00f3fono integrado todo en un dise\u00f1o ic\u00f3nico y patentado. El control inal\u00e1mbrico DualSense mantiene muchas caracter\u00edsticas de DUALSHOCK\u00ae4 que vuelven para una nueva generaci\u00f3n de juego \u00a1No te quedes sin el tuyo!<\/p>\n","protected":false},"featured_media":23,"template":"","meta":{"om_disable_all_campaigns":false,"_monsterinsights_skip_tracking":false,"_monsterinsights_sitenote_active":false,"_monsterinsights_sitenote_note":"","_monsterinsights_sitenote_category":0},"product_brand":[],"product_cat":[135],"product_tag":[],"class_list":{"0":"post-22","1":"product","2":"type-product","3":"status-publish","4":"has-post-thumbnail","6":"product_cat-otros-productos","8":"first","9":"instock","10":"shipping-taxable","11":"purchasable","12":"product-type-simple"},"aioseo_notices":[],"jetpack_sharing_enabled":true,"_links":{"self":[{"href":"https:\/\/compugamesperu.com\/tienda\/wp-json\/wp\/v2\/product\/22","targetHints":{"allow":["GET"]}}],"collection":[{"href":"https:\/\/compugamesperu.com\/tienda\/wp-json\/wp\/v2\/product"}],"about":[{"href":"https:\/\/compugamesperu.com\/tienda\/wp-json\/wp\/v2\/types\/product"}],"version-history":[{"count":0,"href":"https:\/\/compugamesperu.com\/tienda\/wp-json\/wp\/v2\/product\/22\/revisions"}],"wp:featuredmedia":[{"embeddable":true,"href":"https:\/\/compugamesperu.com\/tienda\/wp-json\/wp\/v2\/media\/23"}],"wp:attachment":[{"href":"https:\/\/compugamesperu.com\/tienda\/wp-json\/wp\/v2\/media?parent=22"}],"wp:term":[{"taxonomy":"product_brand","embeddable":true,"href":"https:\/\/compugamesperu.com\/tienda\/wp-json\/wp\/v2\/product_brand?post=22"},{"taxonomy":"product_cat","embeddable":true,"href":"https:\/\/compugamesperu.com\/tienda\/wp-json\/wp\/v2\/product_cat?post=22"},{"taxonomy":"product_tag","embeddable":true,"href":"https:\/\/compugamesperu.com\/tienda\/wp-json\/wp\/v2\/product_tag?post=22"}],"curies":[{"name":"wp","href":"https:\/\/api.w.org\/{rel}","templated":true}]}}