{"id":11290,"date":"2025-10-28T00:51:37","date_gmt":"2025-10-28T05:51:37","guid":{"rendered":"https:\/\/compugamesperu.com\/tienda\/?post_type=product&#038;p=11290"},"modified":"2026-02-15T23:30:12","modified_gmt":"2026-02-16T04:30:12","slug":"project-2024-profesional-plus","status":"publish","type":"product","link":"https:\/\/compugamesperu.com\/tienda\/producto\/project-2024-profesional-plus\/","title":{"rendered":"Project 2024 Profesional"},"content":{"rendered":"<p><b>Project 2024 Profesional (1 PC)<\/b><\/p>\n<p><b>Productividad profesional para el trabajo y estudio<\/b><br \/>\nProject 2024 Profesional Plus integra funciones mejoradas que permiten optimizar la productividad y la colaboraci\u00f3n en equipo. Gracias a sus plantillas predise\u00f1adas y herramientas de an\u00e1lisis avanzadas, facilita la toma de decisiones y reduce riesgos en la gesti\u00f3n de tiempos y costos. Con Microsoft Project 2024 Professional tendr\u00e1s la soluci\u00f3n ideal para administrar proyectos con mayor precisi\u00f3n, asegurar el cumplimiento de plazos y alcanzar tus objetivos con resultados profesionales.<\/p>\n<p><b>\u00bfQu\u00e9 incluye tu compra?<\/b><br \/>\n&#8211; Activaci\u00f3n para 1 PC (Windows 10 u 11)<br \/>\n&#8211; Permanente.<br \/>\n&#8211; Gu\u00eda de instalaci\u00f3n.<\/p>\n<p><b>Uso recomendado<\/b><br \/>\nIdeal para estudiantes y profesionales.<\/p>\n","protected":false},"excerpt":{"rendered":"<p>Project 2024 Profesional (1 PC) Productividad profesional para el trabajo y estudio Project 2024 Profesional Plus integra funciones mejoradas que<\/p>\n","protected":false},"featured_media":11292,"template":"","meta":{"om_disable_all_campaigns":false,"_monsterinsights_skip_tracking":false,"_monsterinsights_sitenote_active":false,"_monsterinsights_sitenote_note":"","_monsterinsights_sitenote_category":0},"product_brand":[182],"product_cat":[17,179],"product_tag":[],"class_list":{"0":"post-11290","1":"product","2":"type-product","3":"status-publish","4":"has-post-thumbnail","6":"product_brand-microsoft","7":"product_cat-licencias","8":"product_cat-office","10":"first","11":"instock","12":"sale","13":"virtual","14":"purchasable","15":"product-type-simple"},"aioseo_notices":[],"jetpack_sharing_enabled":true,"_links":{"self":[{"href":"https:\/\/compugamesperu.com\/tienda\/wp-json\/wp\/v2\/product\/11290","targetHints":{"allow":["GET"]}}],"collection":[{"href":"https:\/\/compugamesperu.com\/tienda\/wp-json\/wp\/v2\/product"}],"about":[{"href":"https:\/\/compugamesperu.com\/tienda\/wp-json\/wp\/v2\/types\/product"}],"version-history":[{"count":4,"href":"https:\/\/compugamesperu.com\/tienda\/wp-json\/wp\/v2\/product\/11290\/revisions"}],"predecessor-version":[{"id":11706,"href":"https:\/\/compugamesperu.com\/tienda\/wp-json\/wp\/v2\/product\/11290\/revisions\/11706"}],"wp:featuredmedia":[{"embeddable":true,"href":"https:\/\/compugamesperu.com\/tienda\/wp-json\/wp\/v2\/media\/11292"}],"wp:attachment":[{"href":"https:\/\/compugamesperu.com\/tienda\/wp-json\/wp\/v2\/media?parent=11290"}],"wp:term":[{"taxonomy":"product_brand","embeddable":true,"href":"https:\/\/compugamesperu.com\/tienda\/wp-json\/wp\/v2\/product_brand?post=11290"},{"taxonomy":"product_cat","embeddable":true,"href":"https:\/\/compugamesperu.com\/tienda\/wp-json\/wp\/v2\/product_cat?post=11290"},{"taxonomy":"product_tag","embeddable":true,"href":"https:\/\/compugamesperu.com\/tienda\/wp-json\/wp\/v2\/product_tag?post=11290"}],"curies":[{"name":"wp","href":"https:\/\/api.w.org\/{rel}","templated":true}]}}