{"id":11000,"date":"2025-10-21T16:38:32","date_gmt":"2025-10-21T21:38:32","guid":{"rendered":"https:\/\/compugamesperu.com\/tienda\/index.php\/producto\/disco-externo-2-tb-toshiba-canvio-basics-usb-3-0\/"},"modified":"2025-10-21T21:27:30","modified_gmt":"2025-10-22T02:27:30","slug":"disco-externo-2-tb-toshiba-canvio-basics-usb-3-0","status":"publish","type":"product","link":"https:\/\/compugamesperu.com\/tienda\/producto\/disco-externo-2-tb-toshiba-canvio-basics-usb-3-0\/","title":{"rendered":"DISCO EXTERNO 2 TB TOSHIBA CANVIO BASICS USB 3.0"},"content":{"rendered":"<p>Almacenamiento confiable en cualquier lugar: El Toshiba Canvio Basics de 2TB te brinda espacio m\u00e1s que suficiente para guardar documentos, fotos, videos y m\u00e1s. Su dise\u00f1o compacto con acabado mate negro lo hace ideal para llevar a todas partes.<br \/>\nTransferencia r\u00e1pida y sin complicaciones: Gracias a su tecnolog\u00eda USB 3.0, permite velocidades de transferencia m\u00e1s altas que los dispositivos USB 2.0. Organiza y mueve tus archivos en cuesti\u00f3n de segundos, con compatibilidad total.<br \/>\nListo para usar sin instalaci\u00f3n: Funciona con Windows sin necesidad de software adicional. Solo con\u00e9ctalo y empieza a guardar tus archivos con solo arrastrar y soltar. Encuentra el Canvio Basics 2TB en Coolbox y mant\u00e9n tu informaci\u00f3n segura y accesible.<br \/>\nEl disco duro externo Toshiba Canvio Basics te ofrece un almacenamiento de hasta 2TB, perfecto para guardar datos, m\u00fasica, pel\u00edculas e im\u00e1genes.Con\u00e9ctalo v\u00eda USB 3.0 directamente a tu laptop o PC (tambi\u00e9n es compatible USB 2.0). Su uso es tan sencillo que no necesita instalaci\u00f3n: solo con\u00e9ctalo y empieza a usarlo.El HDD de Toshiba puede alcanzar altas velocidades de transferencia. Podr\u00e1s transferir y organizar archivos en poco tiempo. Adqui\u00e9relo y empieza a guardar un backup de tus archivos importantes.<\/p>\n","protected":false},"excerpt":{"rendered":"<p>Almacenamiento confiable en cualquier lugar: El Toshiba Canvio Basics de 2TB te brinda espacio m\u00e1s que suficiente para guardar documentos,<\/p>\n","protected":false},"featured_media":11052,"template":"","meta":{"om_disable_all_campaigns":false,"_monsterinsights_skip_tracking":false,"_monsterinsights_sitenote_active":false,"_monsterinsights_sitenote_note":"","_monsterinsights_sitenote_category":0},"product_brand":[],"product_cat":[174,135],"product_tag":[],"class_list":{"0":"post-11000","1":"product","2":"type-product","3":"status-publish","4":"has-post-thumbnail","6":"product_cat-disco-externo","7":"product_cat-otros-productos","9":"first","10":"instock","11":"sale","12":"shipping-taxable","13":"purchasable","14":"product-type-simple"},"aioseo_notices":[],"jetpack_sharing_enabled":true,"_links":{"self":[{"href":"https:\/\/compugamesperu.com\/tienda\/wp-json\/wp\/v2\/product\/11000","targetHints":{"allow":["GET"]}}],"collection":[{"href":"https:\/\/compugamesperu.com\/tienda\/wp-json\/wp\/v2\/product"}],"about":[{"href":"https:\/\/compugamesperu.com\/tienda\/wp-json\/wp\/v2\/types\/product"}],"version-history":[{"count":1,"href":"https:\/\/compugamesperu.com\/tienda\/wp-json\/wp\/v2\/product\/11000\/revisions"}],"predecessor-version":[{"id":11053,"href":"https:\/\/compugamesperu.com\/tienda\/wp-json\/wp\/v2\/product\/11000\/revisions\/11053"}],"wp:featuredmedia":[{"embeddable":true,"href":"https:\/\/compugamesperu.com\/tienda\/wp-json\/wp\/v2\/media\/11052"}],"wp:attachment":[{"href":"https:\/\/compugamesperu.com\/tienda\/wp-json\/wp\/v2\/media?parent=11000"}],"wp:term":[{"taxonomy":"product_brand","embeddable":true,"href":"https:\/\/compugamesperu.com\/tienda\/wp-json\/wp\/v2\/product_brand?post=11000"},{"taxonomy":"product_cat","embeddable":true,"href":"https:\/\/compugamesperu.com\/tienda\/wp-json\/wp\/v2\/product_cat?post=11000"},{"taxonomy":"product_tag","embeddable":true,"href":"https:\/\/compugamesperu.com\/tienda\/wp-json\/wp\/v2\/product_tag?post=11000"}],"curies":[{"name":"wp","href":"https:\/\/api.w.org\/{rel}","templated":true}]}}