{"id":10989,"date":"2025-10-21T16:38:17","date_gmt":"2025-10-21T21:38:17","guid":{"rendered":"https:\/\/compugamesperu.com\/tienda\/index.php\/producto\/minecraft-java-bedrock-edition-pc\/"},"modified":"2025-11-18T21:03:39","modified_gmt":"2025-11-19T02:03:39","slug":"minecraft-java-bedrock-edition-pc","status":"publish","type":"product","link":"https:\/\/compugamesperu.com\/tienda\/producto\/minecraft-java-bedrock-edition-pc\/","title":{"rendered":"Minecraft Java &#038; Bedrock Edition PC"},"content":{"rendered":"<p>\u00a1El juego sandbox definitivo regresa en su edici\u00f3n m\u00e1s completa! Los jugadores ya no tendr\u00e1n que elegir y podr\u00e1n disfrutar de Minecraft como quieran y cuando quieran. \u00a1Crea, lucha, construye y sobrevive en un mundo generado proceduralmente! \u00a1Explora distintos biomas y encuentra criaturas extra\u00f1as y peligrosas! \u00a1Construye majestuosas estructuras, artilugios o incluso pueblos enteros! \u00a1Las posibilidades son infinitas y te esperan incontables horas de diversi\u00f3n!<\/p>\n","protected":false},"excerpt":{"rendered":"<p>\u00a1El juego sandbox definitivo regresa en su edici\u00f3n m\u00e1s completa! Los jugadores ya no tendr\u00e1n que elegir y podr\u00e1n disfrutar<\/p>\n","protected":false},"featured_media":11048,"template":"","meta":{"om_disable_all_campaigns":false,"_monsterinsights_skip_tracking":false,"_monsterinsights_sitenote_active":false,"_monsterinsights_sitenote_note":"","_monsterinsights_sitenote_category":0},"product_brand":[],"product_cat":[98],"product_tag":[],"class_list":{"0":"post-10989","1":"product","2":"type-product","3":"status-publish","4":"has-post-thumbnail","6":"product_cat-pc-videojuegos","8":"first","9":"instock","10":"sale","11":"virtual","12":"purchasable","13":"product-type-simple"},"aioseo_notices":[],"jetpack_sharing_enabled":true,"_links":{"self":[{"href":"https:\/\/compugamesperu.com\/tienda\/wp-json\/wp\/v2\/product\/10989","targetHints":{"allow":["GET"]}}],"collection":[{"href":"https:\/\/compugamesperu.com\/tienda\/wp-json\/wp\/v2\/product"}],"about":[{"href":"https:\/\/compugamesperu.com\/tienda\/wp-json\/wp\/v2\/types\/product"}],"version-history":[{"count":2,"href":"https:\/\/compugamesperu.com\/tienda\/wp-json\/wp\/v2\/product\/10989\/revisions"}],"predecessor-version":[{"id":11063,"href":"https:\/\/compugamesperu.com\/tienda\/wp-json\/wp\/v2\/product\/10989\/revisions\/11063"}],"wp:featuredmedia":[{"embeddable":true,"href":"https:\/\/compugamesperu.com\/tienda\/wp-json\/wp\/v2\/media\/11048"}],"wp:attachment":[{"href":"https:\/\/compugamesperu.com\/tienda\/wp-json\/wp\/v2\/media?parent=10989"}],"wp:term":[{"taxonomy":"product_brand","embeddable":true,"href":"https:\/\/compugamesperu.com\/tienda\/wp-json\/wp\/v2\/product_brand?post=10989"},{"taxonomy":"product_cat","embeddable":true,"href":"https:\/\/compugamesperu.com\/tienda\/wp-json\/wp\/v2\/product_cat?post=10989"},{"taxonomy":"product_tag","embeddable":true,"href":"https:\/\/compugamesperu.com\/tienda\/wp-json\/wp\/v2\/product_tag?post=10989"}],"curies":[{"name":"wp","href":"https:\/\/api.w.org\/{rel}","templated":true}]}}