{"id":10982,"date":"2025-10-21T16:38:16","date_gmt":"2025-10-21T21:38:16","guid":{"rendered":"https:\/\/compugamesperu.com\/tienda\/index.php\/producto\/antivirus-mcafee-mobile-security-1dispositivo-1ano\/"},"modified":"2025-10-27T12:31:17","modified_gmt":"2025-10-27T17:31:17","slug":"antivirus-mcafee-mobile-security-1dispositivo-1ano","status":"publish","type":"product","link":"https:\/\/compugamesperu.com\/tienda\/producto\/antivirus-mcafee-mobile-security-1dispositivo-1ano\/","title":{"rendered":"Antivirus McAfee Mobile Security 1 dispositivo 1 a\u00f1o"},"content":{"rendered":"<p><strong>McAfee Mobile Security \u2013 Clave Original por 1 A\u00f1o (1 dispositivo)<\/strong><br \/>\nProtecci\u00f3n esencial para tu vida digital<br \/>\nMcAfee Internet Security ofrece seguridad confiable en tiempo real contra virus, malware, spyware y amenazas en l\u00ednea. Protege tu equipo sin ralentizarlo, ideal para uso diario.<\/p>\n<p><strong>\u00bfQu\u00e9 incluye tu compra?<\/strong><br \/>\n\u2013 Clave de activaci\u00f3n original v\u00e1lida por 1 a\u00f1o<br \/>\n\u2013 Activaci\u00f3n para 1 PC (Windows o Mac)<br \/>\n\u2013 Instalaci\u00f3n sencilla en minutos<br \/>\n\u2013 Soporte personalizado para activaci\u00f3n<\/p>\n<p><strong>Uso recomendado<\/strong><\/p>\n<p>Ideal para hogar y estudiante.<\/p>\n<p><strong>Entrega digital<\/strong><br \/>\nEntrega a nivel nacional.<\/p>\n<p>&nbsp;<\/p>\n","protected":false},"excerpt":{"rendered":"<p>McAfee Mobile Security \u2013 Clave Original por 1 A\u00f1o (1 dispositivo) Protecci\u00f3n esencial para tu vida digital McAfee Internet Security<\/p>\n","protected":false},"featured_media":11013,"template":"","meta":{"om_disable_all_campaigns":false,"_monsterinsights_skip_tracking":false,"_monsterinsights_sitenote_active":false,"_monsterinsights_sitenote_note":"","_monsterinsights_sitenote_category":0},"product_brand":[186],"product_cat":[177,17],"product_tag":[],"class_list":{"0":"post-10982","1":"product","2":"type-product","3":"status-publish","4":"has-post-thumbnail","6":"product_brand-mcafee","7":"product_cat-antivirus","8":"product_cat-licencias","10":"first","11":"instock","12":"sale","13":"virtual","14":"purchasable","15":"product-type-simple"},"aioseo_notices":[],"jetpack_sharing_enabled":true,"_links":{"self":[{"href":"https:\/\/compugamesperu.com\/tienda\/wp-json\/wp\/v2\/product\/10982","targetHints":{"allow":["GET"]}}],"collection":[{"href":"https:\/\/compugamesperu.com\/tienda\/wp-json\/wp\/v2\/product"}],"about":[{"href":"https:\/\/compugamesperu.com\/tienda\/wp-json\/wp\/v2\/types\/product"}],"version-history":[{"count":3,"href":"https:\/\/compugamesperu.com\/tienda\/wp-json\/wp\/v2\/product\/10982\/revisions"}],"predecessor-version":[{"id":11061,"href":"https:\/\/compugamesperu.com\/tienda\/wp-json\/wp\/v2\/product\/10982\/revisions\/11061"}],"wp:featuredmedia":[{"embeddable":true,"href":"https:\/\/compugamesperu.com\/tienda\/wp-json\/wp\/v2\/media\/11013"}],"wp:attachment":[{"href":"https:\/\/compugamesperu.com\/tienda\/wp-json\/wp\/v2\/media?parent=10982"}],"wp:term":[{"taxonomy":"product_brand","embeddable":true,"href":"https:\/\/compugamesperu.com\/tienda\/wp-json\/wp\/v2\/product_brand?post=10982"},{"taxonomy":"product_cat","embeddable":true,"href":"https:\/\/compugamesperu.com\/tienda\/wp-json\/wp\/v2\/product_cat?post=10982"},{"taxonomy":"product_tag","embeddable":true,"href":"https:\/\/compugamesperu.com\/tienda\/wp-json\/wp\/v2\/product_tag?post=10982"}],"curies":[{"name":"wp","href":"https:\/\/api.w.org\/{rel}","templated":true}]}}