{"id":10969,"date":"2025-10-21T14:46:35","date_gmt":"2025-10-21T19:46:35","guid":{"rendered":"https:\/\/compugamesperu.com\/tienda\/?page_id=10969"},"modified":"2025-10-21T14:58:09","modified_gmt":"2025-10-21T19:58:09","slug":"contacto","status":"publish","type":"page","link":"https:\/\/compugamesperu.com\/tienda\/contacto\/","title":{"rendered":"Contacto"},"content":{"rendered":"\t\t<div data-elementor-type=\"wp-page\" data-elementor-id=\"10969\" class=\"elementor elementor-10969\">\n\t\t\t\t<div class=\"wd-negative-gap elementor-element elementor-element-b361ead e-flex e-con-boxed e-con e-parent\" data-id=\"b361ead\" data-element_type=\"container\">\n\t\t\t\t\t<div class=\"e-con-inner\">\n\t\t\t\t<div class=\"elementor-element elementor-element-326f76f wd-width-100 elementor-widget elementor-widget-wd_title\" data-id=\"326f76f\" data-element_type=\"widget\" data-widget_type=\"wd_title.default\">\n\t\t\t\t<div class=\"elementor-widget-container\">\n\t\t\t\t\t\t\t<div class=\"title-wrapper wd-set-mb reset-last-child wd-title-color-default wd-title-style-default wd-title-size-default text-center\">\n\n\t\t\t\n\t\t\t<div class=\"liner-continer\">\n\t\t\t\t<h4 class=\"woodmart-title-container title wd-fontsize-l\">CONT\u00c1CTANOS<\/h4> \n\t\t\t\t\t\t\t<\/div>\n\n\t\t\t\t\t<\/div>\n\t\t\t\t\t\t<\/div>\n\t\t\t\t<\/div>\n\t\t\t\t<div class=\"elementor-element elementor-element-6996a08 elementor-widget elementor-widget-wd_text_block\" data-id=\"6996a08\" data-element_type=\"widget\" data-widget_type=\"wd_text_block.default\">\n\t\t\t\t<div class=\"elementor-widget-container\">\n\t\t\t\t\t\t\t<div class=\"wd-text-block reset-last-child text-left\">\n\t\t\t\n\t\t\t<h3 data-start=\"300\" data-end=\"337\">1. \u00a1Estamos aqu\u00ed para ayudarte!<\/h3><p data-start=\"338\" data-end=\"633\">En <strong data-start=\"341\" data-end=\"360\">CompuGames Per\u00fa<\/strong>, valoramos la confianza de nuestros clientes y nos comprometemos a ofrecerte un servicio r\u00e1pido, transparente y personalizado.<br data-start=\"487\" data-end=\"490\" \/>Si tienes consultas sobre un producto, tu pedido, activaciones o asistencia t\u00e9cnica, puedes comunicarte con nosotros por los siguientes medios:<\/p><hr data-start=\"635\" data-end=\"638\" \/><h3 data-start=\"640\" data-end=\"664\">2. Datos de Contacto<\/h3><p data-start=\"666\" data-end=\"1006\"><strong data-start=\"666\" data-end=\"690\">\ud83d\udccd Nombre comercial:<\/strong> CompuGames Per\u00fa<br data-start=\"706\" data-end=\"709\" \/><strong data-start=\"709\" data-end=\"729\">\ud83d\udcbc Raz\u00f3n social:<\/strong> COMPU GAMES PER\u00da E.I.R.L.<br data-start=\"755\" data-end=\"758\" \/><strong data-start=\"758\" data-end=\"769\">\ud83e\uddfe RUC:<\/strong> 20601998964<br data-start=\"781\" data-end=\"784\" \/><strong data-start=\"784\" data-end=\"810\">\ud83d\udce7 Correo electr\u00f3nico:<\/strong> <a class=\"decorated-link cursor-pointer\" rel=\"noopener\" data-start=\"811\" data-end=\"837\">soporte@compugamesperu.com<\/a><br data-start=\"837\" data-end=\"840\" \/><strong data-start=\"840\" data-end=\"856\">\ud83d\udcf1 WhatsApp:<\/strong> +51 971 260 789<br data-start=\"872\" data-end=\"875\" \/><strong data-start=\"875\" data-end=\"892\">\ud83c\udf10 Sitio web:<\/strong> <a class=\"decorated-link cursor-pointer\" target=\"_new\" rel=\"noopener\" data-start=\"893\" data-end=\"949\">https:\/\/compugamesperu.com<\/a><br data-start=\"949\" data-end=\"952\" \/><strong data-start=\"952\" data-end=\"969\">\ud83d\udccd Ubicaci\u00f3n:<\/strong> Lima, Per\u00fa (atenci\u00f3n 100 % online)<\/p><hr data-start=\"1008\" data-end=\"1011\" \/><h3 data-start=\"1013\" data-end=\"1041\">3. Horario de Atenci\u00f3n<\/h3><p data-start=\"1042\" data-end=\"1151\">\ud83d\udd53 <strong data-start=\"1045\" data-end=\"1064\">Lunes a s\u00e1bado:<\/strong> 9:00 a. m. \u2013 23:30 p. m.<br data-start=\"1088\" data-end=\"1091\" \/>\ud83d\udeab <strong data-start=\"1094\" data-end=\"1118\">Domingos y feriados:<\/strong> 9:00 a. m. \u2013 23:30 p. m.<\/p><hr data-start=\"1153\" data-end=\"1156\" \/><h3 data-start=\"1158\" data-end=\"1189\">4. Formulario de Contacto<\/h3><p data-start=\"1190\" data-end=\"1318\">Si prefieres escribirnos directamente desde nuestra web, completa el siguiente formulario y te responderemos lo antes posible:<\/p>\n\t\t\t\t\t<\/div>\n\t\t\t\t\t\t<\/div>\n\t\t\t\t<\/div>\n\t\t\t\t<div class=\"elementor-element elementor-element-7e367ba wd-cf7 elementor-widget elementor-widget-wd_contact_form_7\" data-id=\"7e367ba\" data-element_type=\"widget\" data-widget_type=\"wd_contact_form_7.default\">\n\t\t\t\t<div class=\"elementor-widget-container\">\n\t\t\t\t\t\n<div class=\"wpcf7 no-js\" id=\"wpcf7-f370-o1\" lang=\"es-ES\" dir=\"ltr\" data-wpcf7-id=\"370\">\n<div class=\"screen-reader-response\"><p role=\"status\" aria-live=\"polite\" aria-atomic=\"true\"><\/p> <ul><\/ul><\/div>\n<form action=\"\/tienda\/wp-json\/wp\/v2\/pages\/10969#wpcf7-f370-o1\" method=\"post\" class=\"wpcf7-form init\" aria-label=\"Formulario de contacto\" novalidate=\"novalidate\" data-status=\"init\">\n<fieldset class=\"hidden-fields-container\"><input type=\"hidden\" name=\"_wpcf7\" value=\"370\" \/><input type=\"hidden\" name=\"_wpcf7_version\" value=\"6.1.3\" \/><input type=\"hidden\" name=\"_wpcf7_locale\" value=\"es_ES\" \/><input type=\"hidden\" name=\"_wpcf7_unit_tag\" value=\"wpcf7-f370-o1\" \/><input type=\"hidden\" name=\"_wpcf7_container_post\" value=\"0\" \/><input type=\"hidden\" name=\"_wpcf7_posted_data_hash\" value=\"\" \/><input type=\"hidden\" name=\"_wpcf7_recaptcha_response\" value=\"\" \/>\n<\/fieldset>\n<p><label> Nombre completo<br \/>\n<span class=\"wpcf7-form-control-wrap\" data-name=\"your-name\"><input size=\"40\" maxlength=\"400\" class=\"wpcf7-form-control wpcf7-text wpcf7-validates-as-required\" autocomplete=\"name\" aria-required=\"true\" aria-invalid=\"false\" value=\"\" type=\"text\" name=\"your-name\" \/><\/span> <\/label>\n<\/p>\n<p><label> Correo electr\u00f3nico<br \/>\n<span class=\"wpcf7-form-control-wrap\" data-name=\"your-email\"><input size=\"40\" maxlength=\"400\" class=\"wpcf7-form-control wpcf7-email wpcf7-validates-as-required wpcf7-text wpcf7-validates-as-email\" autocomplete=\"email\" aria-required=\"true\" aria-invalid=\"false\" value=\"\" type=\"email\" name=\"your-email\" \/><\/span> <\/label>\n<\/p>\n<p><label> Asunto<br \/>\n<span class=\"wpcf7-form-control-wrap\" data-name=\"your-subject\"><input size=\"40\" maxlength=\"400\" class=\"wpcf7-form-control wpcf7-text wpcf7-validates-as-required\" aria-required=\"true\" aria-invalid=\"false\" value=\"\" type=\"text\" name=\"your-subject\" \/><\/span> <\/label>\n<\/p>\n<p><label> Mensaje<br \/>\n<span class=\"wpcf7-form-control-wrap\" data-name=\"your-message\"><textarea cols=\"40\" rows=\"10\" maxlength=\"2000\" class=\"wpcf7-form-control wpcf7-textarea wpcf7-validates-as-required\" aria-required=\"true\" aria-invalid=\"false\" name=\"your-message\"><\/textarea><\/span> <\/label>\n<\/p>\n<p><input class=\"wpcf7-form-control wpcf7-submit has-spinner\" type=\"submit\" value=\"Enviar\" \/>\n<\/p><div class=\"wpcf7-response-output\" aria-hidden=\"true\"><\/div>\n<\/form>\n<\/div>\n\t\t\t\t<\/div>\n\t\t\t\t<\/div>\n\t\t\t\t<div class=\"elementor-element elementor-element-a2a1090 elementor-widget elementor-widget-wd_text_block\" data-id=\"a2a1090\" data-element_type=\"widget\" data-widget_type=\"wd_text_block.default\">\n\t\t\t\t<div class=\"elementor-widget-container\">\n\t\t\t\t\t\t\t<div class=\"wd-text-block reset-last-child text-left\">\n\t\t\t\n\t\t\t<h3 data-start=\"1549\" data-end=\"1585\">5. Soporte T\u00e9cnico y Postventa<\/h3><p data-start=\"1586\" data-end=\"1834\">Si ya realizaste una compra y necesitas asistencia con tu licencia digital, activaci\u00f3n o garant\u00eda, env\u00edanos un mensaje con el n\u00famero de pedido y el producto adquirido.<br data-start=\"1753\" data-end=\"1756\" \/>Nuestro equipo de soporte te brindar\u00e1 una soluci\u00f3n en el menor tiempo posible.<\/p><hr data-start=\"1836\" data-end=\"1839\" \/><h3 data-start=\"1841\" data-end=\"1868\">6. Atenci\u00f3n Comercial<\/h3><p data-start=\"1869\" data-end=\"2001\">Para cotizaciones empresariales, ventas por volumen o alianzas comerciales, puedes escribirnos a:<br data-start=\"1966\" data-end=\"1969\" \/>\ud83d\udce7 <strong data-start=\"1972\" data-end=\"2001\"><a class=\"decorated-link cursor-pointer\" rel=\"noopener\" data-start=\"1974\" data-end=\"1999\">ventas@compugamesperu.com<\/a><\/strong><\/p><hr data-start=\"2003\" data-end=\"2006\" \/><p data-start=\"2008\" data-end=\"2102\"><strong data-start=\"2008\" data-end=\"2033\">\u00daltima actualizaci\u00f3n:<\/strong> Octubre de 2025<\/p>\n\t\t\t\t\t<\/div>\n\t\t\t\t\t\t<\/div>\n\t\t\t\t<\/div>\n\t\t\t\t\t<\/div>\n\t\t\t\t<\/div>\n\t\t\t\t<\/div>\n\t\t","protected":false},"excerpt":{"rendered":"<p>CONT\u00c1CTANOS 1. \u00a1Estamos aqu\u00ed para ayudarte! En CompuGames Per\u00fa, valoramos la confianza de nuestros clientes y nos comprometemos a ofrecerte<\/p>\n","protected":false},"author":1,"featured_media":0,"parent":0,"menu_order":0,"comment_status":"closed","ping_status":"closed","template":"elementor_header_footer","meta":{"om_disable_all_campaigns":false,"_monsterinsights_skip_tracking":false,"_monsterinsights_sitenote_active":false,"_monsterinsights_sitenote_note":"","_monsterinsights_sitenote_category":0,"footnotes":""},"class_list":["post-10969","page","type-page","status-publish","hentry"],"aioseo_notices":[],"jetpack_sharing_enabled":true,"_links":{"self":[{"href":"https:\/\/compugamesperu.com\/tienda\/wp-json\/wp\/v2\/pages\/10969","targetHints":{"allow":["GET"]}}],"collection":[{"href":"https:\/\/compugamesperu.com\/tienda\/wp-json\/wp\/v2\/pages"}],"about":[{"href":"https:\/\/compugamesperu.com\/tienda\/wp-json\/wp\/v2\/types\/page"}],"author":[{"embeddable":true,"href":"https:\/\/compugamesperu.com\/tienda\/wp-json\/wp\/v2\/users\/1"}],"replies":[{"embeddable":true,"href":"https:\/\/compugamesperu.com\/tienda\/wp-json\/wp\/v2\/comments?post=10969"}],"version-history":[{"count":5,"href":"https:\/\/compugamesperu.com\/tienda\/wp-json\/wp\/v2\/pages\/10969\/revisions"}],"predecessor-version":[{"id":11487,"href":"https:\/\/compugamesperu.com\/tienda\/wp-json\/wp\/v2\/pages\/10969\/revisions\/11487"}],"wp:attachment":[{"href":"https:\/\/compugamesperu.com\/tienda\/wp-json\/wp\/v2\/media?parent=10969"}],"curies":[{"name":"wp","href":"https:\/\/api.w.org\/{rel}","templated":true}]}}